{"id":117,"date":"2012-03-16T19:32:34","date_gmt":"2012-03-16T18:32:34","guid":{"rendered":"http:\/\/svgehrden-q2.de\/?page_id=117"},"modified":"2014-04-08T19:04:58","modified_gmt":"2014-04-08T18:04:58","slug":"uber-uns","status":"publish","type":"page","link":"http:\/\/svgehrden-q2.de\/?page_id=117","title":{"rendered":"\u00dcber Uns"},"content":{"rendered":"<div class=\"fcbkbttn_buttons_block\" id=\"fcbkbttn_left\"><div class=\"fcbkbttn_button\">\n                            <a href=\"https:\/\/www.facebook.com\/\" target=\"_blank\">\n                                <img decoding=\"async\" src=\"http:\/\/svgehrden-q2.de\/wp-content\/plugins\/facebook-button-plugin\/images\/standard-facebook-ico.png\" alt=\"Fb-Button\" \/>\n                            <\/a>\n                        <\/div><div class=\"fcbkbttn_like \"><fb:like href=\"http:\/\/svgehrden-q2.de\/?page_id=117\" action=\"like\" colorscheme=\"light\" layout=\"standard\"  width=\"225px\" size=\"small\"><\/fb:like><\/div><\/div><p><strong>Vielseitigkeitsturnerinnen<\/strong><br \/>\n(Auszug aus dem Jahresr\u00fcckblick des SV Gehrden)<\/p>\n<p>Sie sind immer noch der Meinung, eine gute Turnerin muss nur perfekt auf dem schmalen Balken balancieren, den hohen Stufenbarren meistern oder das wacklige Brett vor dem Sprung treffen? Sie glauben immer noch, ein paar wenige Drehungen auf dem Turnboden reichen f\u00fcr gute Noten? Weit gefehlt!<br \/>\nDie moderne Turnerin von heute ist vielmehr ein Multitalent. Sie muss mit ihrer zierlichen Statur auch einen tonnenschweren Medizinball kilometerweit werfen k\u00f6nnen. Sie muss in wildem Wasser maximal schnell schwimmen, oft auch gegen die Str\u00f6mung. Ausgesetzt im unbekannten Gel\u00e4nde muss sie sich unter Zeitdruck orientieren, verschiedene Punkte anlaufen und nebenbei noch die m\u00fcde Mannschaftskameradin st\u00fctzen.<br \/>\nUnd als w\u00e4re das alles noch nicht genug, muss sie das &#8220;Hohe C&#8221; besser treffen als eine Operns\u00e4ngerin. Das alles und noch viel mehr beinhalten die Gruppen-Wettk\u00e4mpfe, an denen die Leistungsturnerinnen des SV Gehrden regelm\u00e4\u00dfig mit Erfolg teilnehmen.<br \/>\nEin altes Sprichwort besagt nicht umsonst: &#8220;Wenn Turnen einfach w\u00e4re, w\u00fcrde es Fu\u00dfball hei\u00dfen!&#8221;<\/p>\n","protected":false},"excerpt":{"rendered":"<p>Vielseitigkeitsturnerinnen (Auszug aus dem Jahresr\u00fcckblick des SV Gehrden) Sie sind immer noch der Meinung, eine gute Turnerin muss nur perfekt auf dem schmalen Balken balancieren, den hohen Stufenbarren meistern oder das wacklige Brett vor dem Sprung treffen? Sie glauben immer noch, ein paar wenige Drehungen auf dem Turnboden reichen f\u00fcr gute Noten? Weit gefehlt! Die moderne Turnerin von heute ist vielmehr ein Multitalent. Sie muss mit ihrer zierlichen Statur auch einen tonnenschweren Medizinball kilometerweit werfen k\u00f6nnen. Sie muss in wildem Wasser maximal schnell schwimmen, oft auch gegen die Str\u00f6mung. Ausgesetzt im unbekannten Gel\u00e4nde muss sie sich unter Zeitdruck orientieren, verschiedene Punkte anlaufen und nebenbei noch die m\u00fcde Mannschaftskameradin st\u00fctzen. Und &hellip; <a href=\"http:\/\/svgehrden-q2.de\/?page_id=117\">Weiterlesen <span class=\"meta-nav\">&rarr;<\/span><\/a><\/p>\n","protected":false},"author":1,"featured_media":0,"parent":9,"menu_order":1,"comment_status":"closed","ping_status":"closed","template":"","meta":{"ngg_post_thumbnail":0,"footnotes":""},"_links":{"self":[{"href":"http:\/\/svgehrden-q2.de\/index.php?rest_route=\/wp\/v2\/pages\/117"}],"collection":[{"href":"http:\/\/svgehrden-q2.de\/index.php?rest_route=\/wp\/v2\/pages"}],"about":[{"href":"http:\/\/svgehrden-q2.de\/index.php?rest_route=\/wp\/v2\/types\/page"}],"author":[{"embeddable":true,"href":"http:\/\/svgehrden-q2.de\/index.php?rest_route=\/wp\/v2\/users\/1"}],"replies":[{"embeddable":true,"href":"http:\/\/svgehrden-q2.de\/index.php?rest_route=%2Fwp%2Fv2%2Fcomments&post=117"}],"version-history":[{"count":5,"href":"http:\/\/svgehrden-q2.de\/index.php?rest_route=\/wp\/v2\/pages\/117\/revisions"}],"predecessor-version":[{"id":645,"href":"http:\/\/svgehrden-q2.de\/index.php?rest_route=\/wp\/v2\/pages\/117\/revisions\/645"}],"up":[{"embeddable":true,"href":"http:\/\/svgehrden-q2.de\/index.php?rest_route=\/wp\/v2\/pages\/9"}],"wp:attachment":[{"href":"http:\/\/svgehrden-q2.de\/index.php?rest_route=%2Fwp%2Fv2%2Fmedia&parent=117"}],"curies":[{"name":"wp","href":"https:\/\/api.w.org\/{rel}","templated":true}]}}