{"id":1781,"date":"2023-11-22T19:10:47","date_gmt":"2023-11-22T18:10:47","guid":{"rendered":"http:\/\/svgehrden-q2.de\/?page_id=1781"},"modified":"2023-11-22T19:10:47","modified_gmt":"2023-11-22T18:10:47","slug":"trainingszeiten","status":"publish","type":"page","link":"http:\/\/svgehrden-q2.de\/?page_id=1781","title":{"rendered":"Trainingszeiten"},"content":{"rendered":"<div class=\"fcbkbttn_buttons_block\" id=\"fcbkbttn_left\"><div class=\"fcbkbttn_button\">\n                            <a href=\"https:\/\/www.facebook.com\/\" target=\"_blank\">\n                                <img decoding=\"async\" src=\"http:\/\/svgehrden-q2.de\/wp-content\/plugins\/facebook-button-plugin\/images\/standard-facebook-ico.png\" alt=\"Fb-Button\" \/>\n                            <\/a>\n                        <\/div><div class=\"fcbkbttn_like \"><fb:like href=\"http:\/\/svgehrden-q2.de\/?page_id=1781\" action=\"like\" colorscheme=\"light\" layout=\"standard\"  width=\"225px\" size=\"small\"><\/fb:like><\/div><\/div>\n<p><strong>Trainingszeiten in der Sporthalle am Bad:<\/strong><\/p>\n\n\n\n<p><strong>Leistungsturnen M\u00e4dchen:<br><\/strong>Montags, 15.30 &#8211; 18.30 Uhr<br>Freitags, 15.30 &#8211; 18.30 Uhr<\/p>\n\n\n\n<p><strong>Offenes Ger\u00e4tturnen:<\/strong><br>Donnerstags, 17.00 -18.00 Uhr<\/p>\n\n\n\n<p><strong>Kinder 1. &#8211; 3. Klasse:<br><\/strong>Donnerstags, 17.00 &#8211; 18.00 Uhr<\/p>\n\n\n\n<p><strong>M\u00e4dchen 4. &#8211; 7. Klasse:<br><\/strong>Donnerstags, 18.00 &#8211; 19.00 Uhr<\/p>\n\n\n\n<p><strong>Kinder 3-4 Jahre:<br><\/strong>Freitags, 15.00-16.00 Uhr (Sporthalle Grundschule II)<\/p>\n\n\n\n<p><strong>Mutter-Kind 1,5 &#8211; 3 Jahre<br><\/strong>Freitags, 16.00 &#8211; 17.00 Uhr (Sporthalle Grundschule II)<\/p>\n\n\n\n<p><strong>Kinder 4-5 Jahre:<br><\/strong>Freitags, 17.00 &#8211; 18.00 Uhr (Sporthalle Grundschule II)<\/p>\n\n\n\n<p><strong>Parkour ab 12 Jahre:<br><\/strong>Freitags, 16.00-17.00 Uhr<\/p>\n\n\n\n<p><strong>Parkour ab 16 Jahre:<br><\/strong>Freitags, 17.00-18.00 Uhr<\/p>\n\n\n\n<p><strong>Weitere Angebote der Sparte GTF beim SV Gehrden finden sie hier:<br><\/strong><a href=\"http:\/\/www.svgehrden.de\/sportangebot\/gymnastik-turnen-fitness.html\" target=\"_blank\" rel=\"noreferrer noopener\">http:\/\/www.svgehrden.de\/sportangebot\/gymnastik-turnen-fitness.html&nbsp;<\/a><\/p>\n","protected":false},"excerpt":{"rendered":"<p>Trainingszeiten in der Sporthalle am Bad: Leistungsturnen M\u00e4dchen:Montags, 15.30 &#8211; 18.30 UhrFreitags, 15.30 &#8211; 18.30 Uhr Offenes Ger\u00e4tturnen:Donnerstags, 17.00 -18.00 Uhr Kinder 1. &#8211; 3. Klasse:Donnerstags, 17.00 &#8211; 18.00 Uhr M\u00e4dchen 4. &#8211; 7. Klasse:Donnerstags, 18.00 &#8211; 19.00 Uhr Kinder 3-4 Jahre:Freitags, 15.00-16.00 Uhr (Sporthalle Grundschule II) Mutter-Kind 1,5 &#8211; 3 JahreFreitags, 16.00 &#8211; 17.00 Uhr (Sporthalle Grundschule II) Kinder 4-5 Jahre:Freitags, 17.00 &#8211; 18.00 Uhr (Sporthalle Grundschule II) Parkour ab 12 Jahre:Freitags, 16.00-17.00 Uhr Parkour ab 16 Jahre:Freitags, 17.00-18.00 Uhr Weitere Angebote der Sparte GTF beim SV Gehrden finden sie hier:http:\/\/www.svgehrden.de\/sportangebot\/gymnastik-turnen-fitness.html&nbsp;<\/p>\n","protected":false},"author":1,"featured_media":0,"parent":86,"menu_order":0,"comment_status":"closed","ping_status":"closed","template":"","meta":{"ngg_post_thumbnail":0,"footnotes":""},"_links":{"self":[{"href":"http:\/\/svgehrden-q2.de\/index.php?rest_route=\/wp\/v2\/pages\/1781"}],"collection":[{"href":"http:\/\/svgehrden-q2.de\/index.php?rest_route=\/wp\/v2\/pages"}],"about":[{"href":"http:\/\/svgehrden-q2.de\/index.php?rest_route=\/wp\/v2\/types\/page"}],"author":[{"embeddable":true,"href":"http:\/\/svgehrden-q2.de\/index.php?rest_route=\/wp\/v2\/users\/1"}],"replies":[{"embeddable":true,"href":"http:\/\/svgehrden-q2.de\/index.php?rest_route=%2Fwp%2Fv2%2Fcomments&post=1781"}],"version-history":[{"count":1,"href":"http:\/\/svgehrden-q2.de\/index.php?rest_route=\/wp\/v2\/pages\/1781\/revisions"}],"predecessor-version":[{"id":1782,"href":"http:\/\/svgehrden-q2.de\/index.php?rest_route=\/wp\/v2\/pages\/1781\/revisions\/1782"}],"up":[{"embeddable":true,"href":"http:\/\/svgehrden-q2.de\/index.php?rest_route=\/wp\/v2\/pages\/86"}],"wp:attachment":[{"href":"http:\/\/svgehrden-q2.de\/index.php?rest_route=%2Fwp%2Fv2%2Fmedia&parent=1781"}],"curies":[{"name":"wp","href":"https:\/\/api.w.org\/{rel}","templated":true}]}}