{"id":1795,"date":"2023-11-22T20:21:06","date_gmt":"2023-11-22T19:21:06","guid":{"rendered":"http:\/\/svgehrden-q2.de\/?page_id=1795"},"modified":"2023-11-22T20:24:05","modified_gmt":"2023-11-22T19:24:05","slug":"1795-2","status":"publish","type":"page","link":"http:\/\/svgehrden-q2.de\/?page_id=1795","title":{"rendered":"Probetraining"},"content":{"rendered":"<div class=\"fcbkbttn_buttons_block\" id=\"fcbkbttn_left\"><div class=\"fcbkbttn_button\">\n                            <a href=\"https:\/\/www.facebook.com\/\" target=\"_blank\">\n                                <img decoding=\"async\" src=\"http:\/\/svgehrden-q2.de\/wp-content\/plugins\/facebook-button-plugin\/images\/standard-facebook-ico.png\" alt=\"Fb-Button\" \/>\n                            <\/a>\n                        <\/div><div class=\"fcbkbttn_like \"><fb:like href=\"http:\/\/svgehrden-q2.de\/?page_id=1795\" action=\"like\" colorscheme=\"light\" layout=\"standard\"  width=\"225px\" size=\"small\"><\/fb:like><\/div><\/div><div class=\"lightweight-accordion\"><details><summary class=\"lightweight-accordion-title\"><span>Welche Gruppen und Altersstufen gibt es?<\/span><\/summary><div class=\"lightweight-accordion-body\">\n\n<p>Minis ab 5 bis 9 Jahren<\/p>\n\n\n\n<p>SGW ab 9\/10 Jahren<\/p>\n\n\n\n<p>TGW ab 14 Jahren<\/p>\n\n<\/div><\/details><\/div>\n\n<div class=\"lightweight-accordion\"><details><summary class=\"lightweight-accordion-title\"><span>Wie l\u00e4uft das Probetraining bei SGW und TGW?<\/span><\/summary><div class=\"lightweight-accordion-body\">\n\n<p>Ein Probetraining f\u00fcr SGW und TGW findet immer nach Absprache statt. Hier sind bestimmte Voraussetzungen (Elemente, Turnerfahrung) zu erf\u00fcllen, da die bestehenden Gruppen Choreographien erlernen und die M\u00e4dchen bereits ein h\u00f6heres Turnlevel besitzen. Bitte beachten Sie dies bei Kontaktaufnahme und geben Sie unbedingt die Turnerfahrung an.\u00a0<\/p>\n\n<\/div><\/details><\/div>\n\n<div class=\"lightweight-accordion\"><details><summary class=\"lightweight-accordion-title\"><span>Wie kann ich am Probetraining der Minis teilnehmen?<\/span><\/summary><div class=\"lightweight-accordion-body\">\n\n<p>F\u00fcr die Minis gibt es immer wieder Termine f\u00fcr ein Probetraining. Hierzu gibt es\u00a0<strong>KEINE<\/strong> Wartelisten. Der Termin wird \u00fcber die News der Webseite bekannt gegeben. Daraufhin k\u00f6nnen Sie sich \u00fcber das Kontaktfeld mit Name, Nachname, Geburtstag und Adresse anmelden.\u00a0Bitte bedenken Sie dabei die Voraussetzungen im n\u00e4chsten Abschnitt.\u00a0<\/p>\n\n<\/div><\/details><\/div>\n\n<div class=\"lightweight-accordion\"><details><summary class=\"lightweight-accordion-title\"><span>Voraussetzungen f\u00fcr das Probetraining der Minis?<\/span><\/summary><div class=\"lightweight-accordion-body\">\n\n<p>Das optimale Einstiegsalter ist 5-6 Jahre.&nbsp;<\/p>\n\n\n\n<p>Generell verlangen wir hier eine gewisse Grundmotorik, Kraft, Beweglichkeit und Koordination. Beispiele sind hier Purzelbaum vorw\u00e4rts\/r\u00fcckw\u00e4rts, am Reck hochziehen und halten,&nbsp;angstfrei auf den Schwebebalken steigen, gut w\u00e4ren schon Ans\u00e4tze von Radschlag oder Handstand.&nbsp;<\/p>\n\n\n\n<p>Neben den turnerischen Elementen ist es wichtig, dass ihre Tochter zuh\u00f6ren kann und auch emotional gefestigt ist. Wir haben sehr viel Spa\u00df beim Turnen &#8211; wir loben, aber wir korrigieren auch viel, da wir letztendlich f\u00fcr Wettk\u00e4mpfe trainieren.&nbsp;<\/p>\n\n<\/div><\/details><\/div>\n\n<div class=\"lightweight-accordion\"><details><summary class=\"lightweight-accordion-title\"><span>Meine Tochter ist bereits 8 Jahre. Ist sie noch &#8220;geeignet&#8221;? <\/span><\/summary><div class=\"lightweight-accordion-body\">\n\n<p>Sollte ihr Kind 8 Jahre und \u00e4lter sein, k\u00f6nnen wir im Bereich der Minis im Moment keinen Einstieg bieten, nur mit absoluter Turnerfahrung.&nbsp;<\/p>\n\n<\/div><\/details><\/div>\n\n<div class=\"lightweight-accordion\"><details><summary class=\"lightweight-accordion-title\"><span>Wie oft trainieren wir?<\/span><\/summary><div class=\"lightweight-accordion-body\">\n\n<p>Wir trainieren 2 mal in der Woche, montags <strong>UND<\/strong> freitags. <br>Es ist&nbsp;<strong>KEINE<\/strong>&nbsp;Auswahl der Tage m\u00f6glich.<\/p>\n\n<\/div><\/details><\/div>","protected":false},"excerpt":{"rendered":"","protected":false},"author":1,"featured_media":0,"parent":86,"menu_order":0,"comment_status":"closed","ping_status":"closed","template":"","meta":{"ngg_post_thumbnail":0,"footnotes":""},"_links":{"self":[{"href":"http:\/\/svgehrden-q2.de\/index.php?rest_route=\/wp\/v2\/pages\/1795"}],"collection":[{"href":"http:\/\/svgehrden-q2.de\/index.php?rest_route=\/wp\/v2\/pages"}],"about":[{"href":"http:\/\/svgehrden-q2.de\/index.php?rest_route=\/wp\/v2\/types\/page"}],"author":[{"embeddable":true,"href":"http:\/\/svgehrden-q2.de\/index.php?rest_route=\/wp\/v2\/users\/1"}],"replies":[{"embeddable":true,"href":"http:\/\/svgehrden-q2.de\/index.php?rest_route=%2Fwp%2Fv2%2Fcomments&post=1795"}],"version-history":[{"count":5,"href":"http:\/\/svgehrden-q2.de\/index.php?rest_route=\/wp\/v2\/pages\/1795\/revisions"}],"predecessor-version":[{"id":1800,"href":"http:\/\/svgehrden-q2.de\/index.php?rest_route=\/wp\/v2\/pages\/1795\/revisions\/1800"}],"up":[{"embeddable":true,"href":"http:\/\/svgehrden-q2.de\/index.php?rest_route=\/wp\/v2\/pages\/86"}],"wp:attachment":[{"href":"http:\/\/svgehrden-q2.de\/index.php?rest_route=%2Fwp%2Fv2%2Fmedia&parent=1795"}],"curies":[{"name":"wp","href":"https:\/\/api.w.org\/{rel}","templated":true}]}}