{"id":42,"date":"2012-03-08T18:43:40","date_gmt":"2012-03-08T18:43:40","guid":{"rendered":"http:\/\/svgehrden-q2.de\/?page_id=42"},"modified":"2015-12-04T20:06:46","modified_gmt":"2015-12-04T19:06:46","slug":"links","status":"publish","type":"page","link":"http:\/\/svgehrden-q2.de\/?page_id=42","title":{"rendered":"Links"},"content":{"rendered":"<div class=\"fcbkbttn_buttons_block\" id=\"fcbkbttn_left\"><div class=\"fcbkbttn_button\">\n                            <a href=\"https:\/\/www.facebook.com\/\" target=\"_blank\">\n                                <img decoding=\"async\" src=\"http:\/\/svgehrden-q2.de\/wp-content\/plugins\/facebook-button-plugin\/images\/standard-facebook-ico.png\" alt=\"Fb-Button\" \/>\n                            <\/a>\n                        <\/div><div class=\"fcbkbttn_like \"><fb:like href=\"http:\/\/svgehrden-q2.de\/?page_id=42\" action=\"like\" colorscheme=\"light\" layout=\"standard\"  width=\"225px\" size=\"small\"><\/fb:like><\/div><\/div><div><strong>Verb\u00e4nde:<\/strong><\/div>\n<div><a title=\"Deutscher Turnerbund\" href=\"http:\/\/www.dtb-online.de\" target=\"_blank\">Deutscher Turnerbund<\/a><\/div>\n<div><a title=\"Turnerjugend im DTB\" href=\"http:\/\/www.tuju.de\" target=\"_blank\">Deutsche Turnerjugend im DTB<\/a><\/div>\n<div><a title=\"Nds. Turnerbund\" href=\"http:\/\/www.ntb-infoline.de\/\" target=\"_blank\">Nieders\u00e4chsische Turnerbund<\/a><\/div>\n<div><a title=\"Nds. Turnerjugend\" href=\"http:\/\/www.ntj.de\" target=\"_blank\">Nieders\u00e4chsische Turnerjugend<\/a><\/div>\n<div><a title=\"Turnkreis Hannover\" href=\"http:\/\/www.turnkreis-hannover-land.de\" target=\"_blank\">Turnkreis Hannover-Land<\/a><\/div>\n<div><strong>Vereine:<\/strong><\/div>\n<div><a title=\"SV Gehrden\" href=\"http:\/\/www.svgehrden.de\" target=\"_blank\">SV Gehrden<\/a><\/div>\n<div><a href=\"http:\/\/www.haenigsen-turnen.de\" target=\"_blank\">TSV Friesen H\u00e4nigsen<\/a><\/div>\n<div><a title=\"Gl\u00fcckstadt\" href=\"http:\/\/www.etsv-turnen.de\" target=\"_blank\">ETSV Gl\u00fcckstadt<\/a><\/div>\n<div><a title=\"Fichte Winsen\" href=\"http:\/\/www.mtv-fichte.de\" target=\"_blank\">MTV Fichte Winsen<\/a>\u00a0<a title=\"ETSV Gl\u00fcckstadt\" href=\"http:\/\/www.etsv-turnen.de\" target=\"_blank\">\u00a0<\/a><\/div>\n<div><strong>Sonstige:<\/strong><\/div>\n<div><a title=\"Landesturnfest G\u00f6ttingen 2016\" href=\"http:\/\/www.erlebnisturnfest.de\/\">Erlebnis Turnfest 2016<\/a>\u00a0(Landesturnfest G\u00f6ttingen 2016)<\/div>\n","protected":false},"excerpt":{"rendered":"<p>Verb\u00e4nde: Deutscher Turnerbund Deutsche Turnerjugend im DTB Nieders\u00e4chsische Turnerbund Nieders\u00e4chsische Turnerjugend Turnkreis Hannover-Land Vereine: SV Gehrden TSV Friesen H\u00e4nigsen ETSV Gl\u00fcckstadt MTV Fichte Winsen\u00a0\u00a0 Sonstige: Erlebnis Turnfest 2016\u00a0(Landesturnfest G\u00f6ttingen 2016)<\/p>\n","protected":false},"author":1,"featured_media":0,"parent":0,"menu_order":6,"comment_status":"closed","ping_status":"closed","template":"","meta":{"ngg_post_thumbnail":0,"footnotes":""},"_links":{"self":[{"href":"http:\/\/svgehrden-q2.de\/index.php?rest_route=\/wp\/v2\/pages\/42"}],"collection":[{"href":"http:\/\/svgehrden-q2.de\/index.php?rest_route=\/wp\/v2\/pages"}],"about":[{"href":"http:\/\/svgehrden-q2.de\/index.php?rest_route=\/wp\/v2\/types\/page"}],"author":[{"embeddable":true,"href":"http:\/\/svgehrden-q2.de\/index.php?rest_route=\/wp\/v2\/users\/1"}],"replies":[{"embeddable":true,"href":"http:\/\/svgehrden-q2.de\/index.php?rest_route=%2Fwp%2Fv2%2Fcomments&post=42"}],"version-history":[{"count":11,"href":"http:\/\/svgehrden-q2.de\/index.php?rest_route=\/wp\/v2\/pages\/42\/revisions"}],"predecessor-version":[{"id":72,"href":"http:\/\/svgehrden-q2.de\/index.php?rest_route=\/wp\/v2\/pages\/42\/revisions\/72"}],"wp:attachment":[{"href":"http:\/\/svgehrden-q2.de\/index.php?rest_route=%2Fwp%2Fv2%2Fmedia&parent=42"}],"curies":[{"name":"wp","href":"https:\/\/api.w.org\/{rel}","templated":true}]}}